{"id":35,"date":"2025-03-07T23:50:57","date_gmt":"2025-03-07T23:50:57","guid":{"rendered":"https:\/\/mezcalflordenuni.com.mx\/?page_id=35"},"modified":"2025-03-19T18:14:59","modified_gmt":"2025-03-19T18:14:59","slug":"inicio","status":"publish","type":"page","link":"https:\/\/mezcalflordenuni.com.mx\/","title":{"rendered":"Nosotros"},"content":{"rendered":"<p>[et_pb_section fb_built=\u00bb1&#8243; _builder_version=\u00bb4.27.4&#8243; _module_preset=\u00bbdefault\u00bb background_image=\u00bbhttps:\/\/mezcalflordenuni.com.mx\/wp-content\/uploads\/2025\/03\/banner-inicio-1.png\u00bb custom_padding=\u00bb150px||50px||false|false\u00bb hover_enabled=\u00bb0&#8243; global_colors_info=\u00bb{}\u00bb sticky_enabled=\u00bb0&#8243;][et_pb_row _builder_version=\u00bb4.27.4&#8243; _module_preset=\u00bbdefault\u00bb custom_margin=\u00bb||0px||false|false\u00bb custom_padding=\u00bb||0px||false|false\u00bb global_colors_info=\u00bb{}\u00bb][et_pb_column type=\u00bb4_4&#8243; _builder_version=\u00bb4.27.4&#8243; _module_preset=\u00bbdefault\u00bb global_colors_info=\u00bb{}\u00bb][et_pb_image src=\u00bbhttps:\/\/mezcalflordenuni.com.mx\/wp-content\/uploads\/2025\/03\/logo-2.png\u00bb title_text=\u00bblogo-2&#8243; align=\u00bbcenter\u00bb _builder_version=\u00bb4.27.4&#8243; _module_preset=\u00bbdefault\u00bb max_width=\u00bb38%\u00bb max_width_tablet=\u00bb38%\u00bb max_width_phone=\u00bb54%\u00bb max_width_last_edited=\u00bbon|phone\u00bb global_colors_info=\u00bb{}\u00bb][\/et_pb_image][et_pb_heading title=\u00bbMezcal Artesanal\u00bb _builder_version=\u00bb4.27.4&#8243; _module_preset=\u00bbdefault\u00bb title_font=\u00bbbook antiqua|500|||||||\u00bb title_text_align=\u00bbcenter\u00bb title_text_color=\u00bb#FFFFFF\u00bb title_font_size=\u00bb98px\u00bb title_font_size_tablet=\u00bb98px\u00bb title_font_size_phone=\u00bb39px\u00bb title_font_size_last_edited=\u00bbon|phone\u00bb global_colors_info=\u00bb{}\u00bb][\/et_pb_heading][\/et_pb_column][\/et_pb_row][\/et_pb_section][et_pb_section fb_built=\u00bb1&#8243; _builder_version=\u00bb4.27.4&#8243; _module_preset=\u00bbdefault\u00bb background_image=\u00bbhttps:\/\/mezcalflordenuni.com.mx\/wp-content\/uploads\/2025\/03\/fondo1-1.png\u00bb background_position=\u00bbtop_center\u00bb custom_padding=\u00bb100px||100px||true|false\u00bb global_colors_info=\u00bb{}\u00bb][et_pb_row column_structure=\u00bb1_2,1_2&#8243; _builder_version=\u00bb4.27.4&#8243; _module_preset=\u00bbdefault\u00bb global_colors_info=\u00bb{}\u00bb][et_pb_column type=\u00bb1_2&#8243; _builder_version=\u00bb4.27.4&#8243; _module_preset=\u00bbdefault\u00bb global_colors_info=\u00bb{}\u00bb][dsm_text_divider header=\u00bbEl origen de\u00bb color=\u00bb#7e610e\u00bb divider_weight=\u00bb2px\u00bb text_gap=\u00bb21px\u00bb _builder_version=\u00bb4.27.4&#8243; _module_preset=\u00bbdefault\u00bb header_font=\u00bbbook antiqua|500|||||||\u00bb header_text_color=\u00bb#7e610e\u00bb header_font_size=\u00bb45px\u00bb max_width=\u00bb100%\u00bb module_alignment=\u00bbcenter\u00bb custom_margin=\u00bb||0px||false|false\u00bb custom_padding=\u00bb||6px||false|false\u00bb header_font_size_tablet=\u00bb45px\u00bb header_font_size_phone=\u00bb27px\u00bb header_font_size_last_edited=\u00bbon|phone\u00bb global_colors_info=\u00bb{}\u00bb][\/dsm_text_divider][et_pb_heading title=\u00bbUN SUE\u00d1O\u00bb _builder_version=\u00bb4.27.4&#8243; _module_preset=\u00bbdefault\u00bb title_font=\u00bbbook antiqua|500|||||||\u00bb title_text_align=\u00bbcenter\u00bb title_text_color=\u00bb#7E610E\u00bb title_font_size=\u00bb78px\u00bb title_font_size_tablet=\u00bb78px\u00bb title_font_size_phone=\u00bb54px\u00bb title_font_size_last_edited=\u00bbon|phone\u00bb global_colors_info=\u00bb{}\u00bb][\/et_pb_heading][et_pb_image src=\u00bbhttps:\/\/mezcalflordenuni.com.mx\/wp-content\/uploads\/2025\/03\/nosotros-2-1.png\u00bb title_text=\u00bbnosotros-2&#8243; _builder_version=\u00bb4.27.4&#8243; _module_preset=\u00bbdefault\u00bb hover_enabled=\u00bb0&#8243; global_colors_info=\u00bb{}\u00bb sticky_enabled=\u00bb0&#8243;][\/et_pb_image][\/et_pb_column][et_pb_column type=\u00bb1_2&#8243; _builder_version=\u00bb4.27.4&#8243; _module_preset=\u00bbdefault\u00bb global_colors_info=\u00bb{}\u00bb][et_pb_image src=\u00bbhttps:\/\/mezcalflordenuni.com.mx\/wp-content\/uploads\/2025\/03\/nosotros-1-1.png\u00bb title_text=\u00bbnosotros-1&#8243; _builder_version=\u00bb4.27.4&#8243; _module_preset=\u00bbdefault\u00bb global_colors_info=\u00bb{}\u00bb][\/et_pb_image][et_pb_text _builder_version=\u00bb4.27.4&#8243; _module_preset=\u00bbdefault\u00bb text_font=\u00bbbook antiqua||||||||\u00bb text_text_color=\u00bb#000000&#8243; text_font_size=\u00bb21px\u00bb header_font=\u00bbbook antiqua||||||||\u00bb global_colors_info=\u00bb{}\u00bb]<\/p>\n<p style=\"text-align: justify;\">Flor de \u00d1uni es un mezcal originario de Oaxaca que honra la tradici\u00f3n artesanal y la riqueza cultural de M\u00e9xico, rindiendo homenaje a las generaciones que han preservado su esencia ancestral y espiritual.<\/p>\n<p>[\/et_pb_text][\/et_pb_column][\/et_pb_row][\/et_pb_section][et_pb_section fb_built=\u00bb1&#8243; _builder_version=\u00bb4.27.4&#8243; _module_preset=\u00bbdefault\u00bb background_enable_color=\u00bboff\u00bb background_enable_image=\u00bboff\u00bb background_enable_video_mp4=\u00bboff\u00bb background_video_webm=\u00bbhttps:\/\/mezcalflordenuni.com.mx\/wp-content\/uploads\/2025\/03\/0312.mp4&#8243; custom_padding=\u00bb||300px||false|false\u00bb hover_enabled=\u00bb0&#8243; global_colors_info=\u00bb{}\u00bb sticky_enabled=\u00bb0&#8243;][et_pb_row _builder_version=\u00bb4.27.4&#8243; _module_preset=\u00bbdefault\u00bb background_color=\u00bbRGBA(255,255,255,0)\u00bb transform_scale_tablet=\u00bb\u00bb transform_scale_phone=\u00bb\u00bb transform_scale_last_edited=\u00bbon|desktop\u00bb transform_translate=\u00bb0px|141px\u00bb transform_translate_tablet=\u00bb0px|141px\u00bb transform_translate_phone=\u00bb0px|141px\u00bb transform_translate_last_edited=\u00bbon|desktop\u00bb transform_rotate_tablet=\u00bb\u00bb transform_rotate_phone=\u00bb\u00bb transform_rotate_last_edited=\u00bbon|desktop\u00bb transform_skew_tablet=\u00bb\u00bb transform_skew_phone=\u00bb\u00bb transform_skew_last_edited=\u00bbon|desktop\u00bb transform_origin_tablet=\u00bb\u00bb transform_origin_phone=\u00bb\u00bb transform_origin_last_edited=\u00bbon|desktop\u00bb transform_styles_last_edited=\u00bbon|desktop\u00bb max_width=\u00bb2113px\u00bb transform_styles_tablet=\u00bb\u00bb transform_styles_phone=\u00bb\u00bb global_colors_info=\u00bb{}\u00bb][et_pb_column type=\u00bb4_4&#8243; _builder_version=\u00bb4.27.4&#8243; _module_preset=\u00bbdefault\u00bb global_colors_info=\u00bb{}\u00bb][et_pb_heading title=\u00bb\u00bfQui\u00e9nes somos?\u00bb _builder_version=\u00bb4.27.4&#8243; _module_preset=\u00bbdefault\u00bb title_font=\u00bbbook antiqua|500|||||||\u00bb title_text_align=\u00bbcenter\u00bb title_text_color=\u00bb#FFFFFF\u00bb title_font_size=\u00bb55px\u00bb title_font_size_tablet=\u00bb55px\u00bb title_font_size_phone=\u00bb39px\u00bb title_font_size_last_edited=\u00bbon|phone\u00bb global_colors_info=\u00bb{}\u00bb][\/et_pb_heading][et_pb_text _builder_version=\u00bb4.27.4&#8243; _module_preset=\u00bbdefault\u00bb text_font=\u00bbbook antiqua||||||||\u00bb text_text_color=\u00bb#FFFFFF\u00bb text_font_size=\u00bb24px\u00bb text_line_height=\u00bb1.8em\u00bb text_font_size_tablet=\u00bb24px\u00bb text_font_size_phone=\u00bb22px\u00bb text_font_size_last_edited=\u00bbon|phone\u00bb text_orientation_tablet=\u00bb\u00bb text_orientation_phone=\u00bbcenter\u00bb text_orientation_last_edited=\u00bbon|phone\u00bb global_colors_info=\u00bb{}\u00bb]<\/p>\n<p>Flor de \u00d1uni es una marca orgullosamente mexicana que celebra la grandeza y diversidad cultural del pa\u00eds a trav\u00e9s de la producci\u00f3n de mezcal. Con un enfoque responsable y sustentable, preserva la pureza, el sabor y la autenticidad de esta bebida espirituosa. Su compromiso con la tradici\u00f3n se refleja en el respeto por el ciclo natural de maduraci\u00f3n del maguey, garantizando mezcales de calidad excepcional y sabor inigualable.<\/p>\n<p>[\/et_pb_text][\/et_pb_column][\/et_pb_row][\/et_pb_section][et_pb_section fb_built=\u00bb1&#8243; _builder_version=\u00bb4.27.4&#8243; _module_preset=\u00bbdefault\u00bb background_image=\u00bbhttps:\/\/mezcalflordenuni.com.mx\/wp-content\/uploads\/2025\/03\/fondo-valores.png\u00bb custom_margin=\u00bb||||false|false\u00bb custom_padding=\u00bb||100px||false|false\u00bb global_colors_info=\u00bb{}\u00bb][et_pb_row column_structure=\u00bb1_2,1_2&#8243; _builder_version=\u00bb4.27.4&#8243; _module_preset=\u00bbdefault\u00bb max_width=\u00bb1596px\u00bb global_colors_info=\u00bb{}\u00bb][et_pb_column type=\u00bb1_2&#8243; _builder_version=\u00bb4.27.4&#8243; _module_preset=\u00bbdefault\u00bb global_colors_info=\u00bb{}\u00bb][et_pb_image src=\u00bbhttps:\/\/mezcalflordenuni.com.mx\/wp-content\/uploads\/2025\/03\/dejando-huella-1.png\u00bb title_text=\u00bbdejando-huella\u00bb align=\u00bbcenter\u00bb _builder_version=\u00bb4.27.4&#8243; _module_preset=\u00bbdefault\u00bb max_width=\u00bb73%\u00bb global_colors_info=\u00bb{}\u00bb][\/et_pb_image][\/et_pb_column][et_pb_column type=\u00bb1_2&#8243; _builder_version=\u00bb4.27.4&#8243; _module_preset=\u00bbdefault\u00bb custom_padding=\u00bb50px|||0px|false|false\u00bb custom_padding_tablet=\u00bb50px|||0px|false|false\u00bb custom_padding_phone=\u00bb50px|||0px|false|false\u00bb custom_padding_last_edited=\u00bbon|desktop\u00bb global_colors_info=\u00bb{}\u00bb][et_pb_heading title=\u00bb\u00a1Dejando huella en cada sorbo!\u00bb _builder_version=\u00bb4.27.4&#8243; _module_preset=\u00bbdefault\u00bb title_font=\u00bbbook antiqua|500|||||||\u00bb title_text_color=\u00bbgcid-d6bf9134-7af2-4894-967d-314dd24b71bb\u00bb title_font_size=\u00bb41px\u00bb custom_padding=\u00bb50px||||false|false\u00bb custom_padding_tablet=\u00bb50px||||false|false\u00bb custom_padding_phone=\u00bb0px||||false|false\u00bb custom_padding_last_edited=\u00bbon|phone\u00bb global_colors_info=\u00bb{%22gcid-d6bf9134-7af2-4894-967d-314dd24b71bb%22:%91%22title_text_color%22%93}\u00bb][\/et_pb_heading][et_pb_tabs active_tab_background_color=\u00bb#FFFFFF\u00bb inactive_tab_background_color=\u00bb#7b3f00&#8243; active_tab_text_color=\u00bb#7e610e\u00bb _builder_version=\u00bb4.27.4&#8243; _module_preset=\u00bbdefault\u00bb tab_text_color=\u00bb#FFFFFF\u00bb body_font=\u00bbbook antiqua||||||||\u00bb body_text_color=\u00bb#000000&#8243; body_font_size=\u00bb17px\u00bb tab_font=\u00bbbook antiqua|300|||||||\u00bb tab_font_size=\u00bb22px\u00bb background_color=\u00bb#FFFFFF\u00bb border_width_all=\u00bb0px\u00bb global_colors_info=\u00bb{%22gcid-d6bf9134-7af2-4894-967d-314dd24b71bb%22:%91%22active_tab_text_color%22%93,%22gcid-713df8a0-80e7-4947-92cd-7bd61ff31e21%22:%91%22inactive_tab_background_color%22%93}\u00bb][et_pb_tab title=\u00bbMisi\u00f3n\u00bb _builder_version=\u00bb4.27.4&#8243; _module_preset=\u00bbdefault\u00bb body_font=\u00bbbook antiqua|500|||||||\u00bb global_colors_info=\u00bb{}\u00bb]<\/p>\n<p style=\"text-align: justify;\">Ofrecer mezcal tradicional-artesanal premium, con el prop\u00f3sito de cautivar los paladares m\u00e1s exigentes, creando valor y marcando la diferencia en el mercado, comprometidos en preservar la pureza, el sabor y la tradici\u00f3n en cada etapa de su producci\u00f3n, asegurando una experiencia sensorial \u00fanica y aut\u00e9ntica para nuestros consumidores.<\/p>\n<p>[\/et_pb_tab][et_pb_tab title=\u00bbVisi\u00f3n\u00bb _builder_version=\u00bb4.27.4&#8243; _module_preset=\u00bbdefault\u00bb global_colors_info=\u00bb{}\u00bb]<\/p>\n<p>Ser una de marca reconocida a nivel nacional e internacional, por su alta calidad y diversidad de sabores que despiertan la pasi\u00f3n y el respeto por este elixir, garantizando una experiencia \u00fanica y resaltando la rica herencia cultural mezcalera de M\u00e9xico.<\/p>\n<p>[\/et_pb_tab][et_pb_tab title=\u00bbValores\u00bb _builder_version=\u00bb4.27.4&#8243; _module_preset=\u00bbdefault\u00bb global_colors_info=\u00bb{}\u00bb]<\/p>\n<ul>\n<li><strong>Autenticidad:<\/strong> Comprometidos en conservar las t\u00e9cnicas tradicionales y ancestrales en la producci\u00f3n del mezcal, logrando obtener un producto genuino.<\/li>\n<li><strong>Conexi\u00f3n Cultural: <\/strong>Celebra la rica herencia cultural de los pueblos de Oaxaca, respetando el gusto hist\u00f3rico por las comunidades mezcaleras, haciendo que los consumidores se sientan parte de una experiencia \u00fanica y significativa.<\/li>\n<li><strong>Calidad Artesanal:<\/strong>\u00a0 Se destaca por sus minuciosos est\u00e1ndares de calidad en cada etapa de producci\u00f3n, resaltando el compromiso con la excelencia y la elegancia del producto, ofreciendo experiencias superiores y sofisticadas.<\/li>\n<li><strong>Sustentabilidad: <\/strong>Se implementan pr\u00e1cticas responsables y conscientes en la cadena de producci\u00f3n, cuidando la biodiversidad, fortaleciendo las tradiciones culturales, garantizando as\u00ed la preservaci\u00f3n del maguey y logrando que el mezcal sea orgullo de M\u00e9xico que nos permite degustar de su sabor \u00fanico.<\/li>\n<\/ul>\n<p>[\/et_pb_tab][\/et_pb_tabs][\/et_pb_column][\/et_pb_row][\/et_pb_section][et_pb_section fb_built=\u00bb1&#8243; _builder_version=\u00bb4.27.4&#8243; _module_preset=\u00bbdefault\u00bb background_image=\u00bbhttps:\/\/mezcalflordenuni.com.mx\/wp-content\/uploads\/2025\/03\/fondo-titulo-1.png\u00bb background_position=\u00bbbottom_center\u00bb background_last_edited=\u00bbon|phone\u00bb background_size_phone=\u00bbinitial\u00bb background_image_width_phone=\u00bb107%\u00bb background_image_height_phone=\u00bb100%\u00bb background_position_phone=\u00bbbottom_right\u00bb background_horizontal_offset_phone=\u00bb3%\u00bb global_colors_info=\u00bb{}\u00bb][et_pb_row _builder_version=\u00bb4.27.4&#8243; _module_preset=\u00bbdefault\u00bb global_colors_info=\u00bb{}\u00bb][et_pb_column type=\u00bb4_4&#8243; _builder_version=\u00bb4.27.4&#8243; _module_preset=\u00bbdefault\u00bb global_colors_info=\u00bb{}\u00bb][et_pb_heading title=\u00bb\u00a1Flor de \u00d1uni, la esencia viva  del mezcal mexicano!\u00bb _builder_version=\u00bb4.27.4&#8243; _module_preset=\u00bbdefault\u00bb title_font=\u00bbbook antiqua||||||||\u00bb title_text_align=\u00bbcenter\u00bb title_text_color=\u00bb#FFFFFF\u00bb title_font_size=\u00bb61px\u00bb title_font_size_tablet=\u00bb61px\u00bb title_font_size_phone=\u00bb26px\u00bb title_font_size_last_edited=\u00bbon|phone\u00bb global_colors_info=\u00bb{}\u00bb][\/et_pb_heading][\/et_pb_column][\/et_pb_row][\/et_pb_section][et_pb_section fb_built=\u00bb1&#8243; make_equal=\u00bbon\u00bb use_custom_gutter=\u00bbon\u00bb specialty=\u00bbon\u00bb _builder_version=\u00bb4.27.4&#8243; _module_preset=\u00bbdefault\u00bb background_image=\u00bbhttps:\/\/mezcalflordenuni.com.mx\/wp-content\/uploads\/2025\/03\/fondo-galeria1.png\u00bb background_position=\u00bbcenter_left\u00bb max_width=\u00bb100%\u00bb max_width_tablet=\u00bb100%\u00bb max_width_phone=\u00bb100%\u00bb max_width_last_edited=\u00bbon|phone\u00bb inner_width=\u00bb100%\u00bb inner_max_width=\u00bb55%\u00bb inner_max_width_tablet=\u00bb55%\u00bb inner_max_width_phone=\u00bb45%\u00bb inner_max_width_last_edited=\u00bbon|phone\u00bb background_last_edited=\u00bbon|phone\u00bb background_size_phone=\u00bbinitial\u00bb global_colors_info=\u00bb{}\u00bb][et_pb_column type=\u00bb1_3&#8243; _builder_version=\u00bb4.16&#8243; custom_padding=\u00bb|||\u00bb global_colors_info=\u00bb{}\u00bb custom_padding__hover=\u00bb|||\u00bb][et_pb_image src=\u00bbhttps:\/\/mezcalflordenuni.com.mx\/wp-content\/uploads\/2025\/03\/galeria-0-1.png\u00bb title_text=\u00bbgaleria 0&#8243; _builder_version=\u00bb4.27.4&#8243; _module_preset=\u00bbdefault\u00bb max_width=\u00bb100%\u00bb global_colors_info=\u00bb{}\u00bb][\/et_pb_image][\/et_pb_column][et_pb_column type=\u00bb2_3&#8243; specialty_columns=\u00bb2&#8243; _builder_version=\u00bb4.16&#8243; custom_padding=\u00bb|||\u00bb global_colors_info=\u00bb{}\u00bb custom_padding__hover=\u00bb|||\u00bb][et_pb_row_inner _builder_version=\u00bb4.27.4&#8243; _module_preset=\u00bbdefault\u00bb global_colors_info=\u00bb{}\u00bb][et_pb_column_inner saved_specialty_column_type=\u00bb3_4&#8243; _builder_version=\u00bb4.27.4&#8243; _module_preset=\u00bbdefault\u00bb global_colors_info=\u00bb{}\u00bb][et_pb_image src=\u00bbhttps:\/\/mezcalflordenuni.com.mx\/wp-content\/uploads\/2025\/03\/galeria-2-1.png\u00bb title_text=\u00bbgaleria 2&#8243; _builder_version=\u00bb4.27.4&#8243; _module_preset=\u00bbdefault\u00bb global_colors_info=\u00bb{}\u00bb][\/et_pb_image][\/et_pb_column_inner][\/et_pb_row_inner][et_pb_row_inner column_structure=\u00bb1_2,1_2&#8243; _builder_version=\u00bb4.27.4&#8243; _module_preset=\u00bbdefault\u00bb global_colors_info=\u00bb{}\u00bb][et_pb_column_inner type=\u00bb1_2&#8243; saved_specialty_column_type=\u00bb2_3&#8243; _builder_version=\u00bb4.27.4&#8243; _module_preset=\u00bbdefault\u00bb global_colors_info=\u00bb{}\u00bb][et_pb_image src=\u00bbhttps:\/\/mezcalflordenuni.com.mx\/wp-content\/uploads\/2025\/03\/galeria-4-1.png\u00bb title_text=\u00bbgaleria 4&#8243; _builder_version=\u00bb4.27.4&#8243; _module_preset=\u00bbdefault\u00bb global_colors_info=\u00bb{}\u00bb][\/et_pb_image][\/et_pb_column_inner][et_pb_column_inner type=\u00bb1_2&#8243; saved_specialty_column_type=\u00bb2_3&#8243; _builder_version=\u00bb4.27.4&#8243; _module_preset=\u00bbdefault\u00bb global_colors_info=\u00bb{}\u00bb][et_pb_image src=\u00bbhttps:\/\/mezcalflordenuni.com.mx\/wp-content\/uploads\/2025\/03\/galeria-5-1.png\u00bb title_text=\u00bbgaleria 5&#8243; _builder_version=\u00bb4.27.4&#8243; _module_preset=\u00bbdefault\u00bb global_colors_info=\u00bb{}\u00bb][\/et_pb_image][\/et_pb_column_inner][\/et_pb_row_inner][et_pb_row_inner _builder_version=\u00bb4.27.4&#8243; _module_preset=\u00bbdefault\u00bb global_colors_info=\u00bb{}\u00bb][et_pb_column_inner saved_specialty_column_type=\u00bb2_3&#8243; _builder_version=\u00bb4.27.4&#8243; _module_preset=\u00bbdefault\u00bb global_colors_info=\u00bb{}\u00bb][et_pb_image src=\u00bbhttps:\/\/mezcalflordenuni.com.mx\/wp-content\/uploads\/2025\/03\/galeria-7-1.png\u00bb title_text=\u00bbgaleria 7&#8243; _builder_version=\u00bb4.27.4&#8243; _module_preset=\u00bbdefault\u00bb global_colors_info=\u00bb{}\u00bb][\/et_pb_image][\/et_pb_column_inner][\/et_pb_row_inner][\/et_pb_column][\/et_pb_section][et_pb_section fb_built=\u00bb1&#8243; _builder_version=\u00bb4.27.4&#8243; _module_preset=\u00bbdefault\u00bb background_image=\u00bbhttps:\/\/mezcalflordenuni.com.mx\/wp-content\/uploads\/2025\/03\/fondo1-1.png\u00bb background_position=\u00bbtop_center\u00bb global_colors_info=\u00bb{}\u00bb][et_pb_row column_structure=\u00bb1_2,1_2&#8243; _builder_version=\u00bb4.27.4&#8243; _module_preset=\u00bbdefault\u00bb global_colors_info=\u00bb{}\u00bb][et_pb_column type=\u00bb1_2&#8243; _builder_version=\u00bb4.27.4&#8243; _module_preset=\u00bbdefault\u00bb custom_padding=\u00bb100px||||false|false\u00bb custom_padding_tablet=\u00bb100px||||false|false\u00bb custom_padding_phone=\u00bb0px||||false|false\u00bb custom_padding_last_edited=\u00bbon|desktop\u00bb global_colors_info=\u00bb{}\u00bb][et_pb_heading title=\u00bbFlor de \u00d1uni\u00bb _builder_version=\u00bb4.27.4&#8243; _module_preset=\u00bbdefault\u00bb title_font=\u00bbbook antiqua|500|||||||\u00bb title_text_color=\u00bb#000000&#8243; title_font_size=\u00bb43px\u00bb custom_margin=\u00bb||0px||false|false\u00bb custom_padding=\u00bb||0px||false|false\u00bb hover_enabled=\u00bb0&#8243; global_colors_info=\u00bb{}\u00bb sticky_enabled=\u00bb0&#8243;][\/et_pb_heading][et_pb_heading title=\u00bbS\u00edmbolo de Identidad y Cultura\u00bb _builder_version=\u00bb4.27.4&#8243; _module_preset=\u00bbdefault\u00bb title_font=\u00bbbook antiqua||||||||\u00bb title_text_color=\u00bb#000000&#8243; title_font_size=\u00bb25px\u00bb custom_margin=\u00bb||10px||false|false\u00bb title_font_size_tablet=\u00bb25px\u00bb title_font_size_phone=\u00bb20px\u00bb title_font_size_last_edited=\u00bbon|phone\u00bb global_colors_info=\u00bb{}\u00bb][\/et_pb_heading][et_pb_text _builder_version=\u00bb4.27.4&#8243; _module_preset=\u00bbdefault\u00bb text_font=\u00bbbook antiqua||||||||\u00bb text_text_color=\u00bb#000000&#8243; text_font_size=\u00bb18px\u00bb hover_enabled=\u00bb0&#8243; global_colors_info=\u00bb{}\u00bb sticky_enabled=\u00bb0&#8243;]<\/p>\n<p style=\"text-align: justify;\">Flor de \u00d1uni simboliza la belleza ef\u00edmera y la conexi\u00f3n con la naturaleza, reflejando el esfuerzo y la tradici\u00f3n de generaciones. Cada sorbo nos recuerda la importancia de preservar nuestras ra\u00edces y la tierra que nos sustenta.<\/p>\n<p>[\/et_pb_text][et_pb_button button_url=\u00bb@ET-DC@eyJkeW5hbWljIjp0cnVlLCJjb250ZW50IjoicG9zdF9saW5rX3VybF9wYWdlIiwic2V0dGluZ3MiOnsicG9zdF9pZCI6IjE2NSJ9fQ==@\u00bb button_text=\u00bbVer Productos\u00bb _builder_version=\u00bb4.27.4&#8243; _dynamic_attributes=\u00bbbutton_url\u00bb _module_preset=\u00bbdefault\u00bb custom_button=\u00bbon\u00bb button_text_color=\u00bb#FFFFFF\u00bb button_bg_color=\u00bbgcid-d6bf9134-7af2-4894-967d-314dd24b71bb\u00bb button_border_color=\u00bbRGBA(255,255,255,0)\u00bb button_border_radius=\u00bb12px\u00bb button_font=\u00bbbook antiqua||||||||\u00bb global_colors_info=\u00bb{%22gcid-d6bf9134-7af2-4894-967d-314dd24b71bb%22:%91%22button_bg_color%22%93}\u00bb][\/et_pb_button][\/et_pb_column][et_pb_column type=\u00bb1_2&#8243; _builder_version=\u00bb4.27.4&#8243; _module_preset=\u00bbdefault\u00bb global_colors_info=\u00bb{}\u00bb][et_pb_image src=\u00bbhttps:\/\/mezcalflordenuni.com.mx\/wp-content\/uploads\/2025\/03\/nosotros-3-1.png\u00bb title_text=\u00bbnosotros-3&#8243; _builder_version=\u00bb4.27.4&#8243; _module_preset=\u00bbdefault\u00bb max_width=\u00bb79%\u00bb global_colors_info=\u00bb{}\u00bb][\/et_pb_image][\/et_pb_column][\/et_pb_row][\/et_pb_section]<\/p>\n","protected":false},"excerpt":{"rendered":"<p><div class=\"et_pb_module dsm_text_divider dsm_text_divider_0\">\n\t\t\t\t\n\t\t\t\t\n\t\t\t\t\n\t\t\t\t\n\t\t\t\t\n\t\t\t\t\n\t\t\t\t<div class=\"et_pb_module_inner\">\n\t\t\t\t\t<div class=\"dsm-text-divider-wrapper dsm-text-divider-align-center et_pb_bg_layout_light\">\n\t\t\t\t\n\t\t\t\t\n\t\t\t\t<div class=\"dsm-text-divider-before dsm-divider\"><\/div>\n\t\t\t\t<h3 class=\"dsm-text-divider-header et_pb_module_header\"><span>El origen de<\/span><\/h3>\n\t\t\t\t<div class=\"dsm-text-divider-after dsm-divider\"><\/div>\n\t\t\t<\/div>\n\t\t\t\t<\/div>\n\t\t\t<\/div>Flor de \u00d1uni es un mezcal originario de Oaxaca que honra la tradici\u00f3n artesanal y la riqueza cultural de M\u00e9xico, rindiendo homenaje a las generaciones que han preservado su esencia ancestral y espiritual.Flor de \u00d1uni [&hellip;]<\/p>\n","protected":false},"author":1,"featured_media":0,"parent":0,"menu_order":0,"comment_status":"closed","ping_status":"closed","template":"","meta":{"_et_pb_use_builder":"on","_et_pb_old_content":"","_et_gb_content_width":"","footnotes":""},"class_list":["post-35","page","type-page","status-publish","hentry"],"_links":{"self":[{"href":"https:\/\/mezcalflordenuni.com.mx\/index.php\/wp-json\/wp\/v2\/pages\/35","targetHints":{"allow":["GET"]}}],"collection":[{"href":"https:\/\/mezcalflordenuni.com.mx\/index.php\/wp-json\/wp\/v2\/pages"}],"about":[{"href":"https:\/\/mezcalflordenuni.com.mx\/index.php\/wp-json\/wp\/v2\/types\/page"}],"author":[{"embeddable":true,"href":"https:\/\/mezcalflordenuni.com.mx\/index.php\/wp-json\/wp\/v2\/users\/1"}],"replies":[{"embeddable":true,"href":"https:\/\/mezcalflordenuni.com.mx\/index.php\/wp-json\/wp\/v2\/comments?post=35"}],"version-history":[{"count":26,"href":"https:\/\/mezcalflordenuni.com.mx\/index.php\/wp-json\/wp\/v2\/pages\/35\/revisions"}],"predecessor-version":[{"id":398,"href":"https:\/\/mezcalflordenuni.com.mx\/index.php\/wp-json\/wp\/v2\/pages\/35\/revisions\/398"}],"wp:attachment":[{"href":"https:\/\/mezcalflordenuni.com.mx\/index.php\/wp-json\/wp\/v2\/media?parent=35"}],"curies":[{"name":"wp","href":"https:\/\/api.w.org\/{rel}","templated":true}]}}